{"id":3,"date":"2021-05-14T16:18:14","date_gmt":"2021-05-14T16:18:14","guid":{"rendered":"https:\/\/www.perenneattualita.palazzostrozzi.org\/?page_id=3"},"modified":"2021-06-29T10:47:26","modified_gmt":"2021-06-29T08:47:26","slug":"privacy-policy","status":"publish","type":"page","link":"https:\/\/www.perenneattualita.palazzostrozzi.org\/en\/privacy-policy\/","title":{"rendered":"Privacy Policy"},"content":{"rendered":"\n<h2>Privacy Policy<\/h2>\n\n\n\n<div style=\"height:44px\" aria-hidden=\"true\" class=\"wp-block-spacer\"><\/div>\n\n\n\n<p>Gentile Interessato,<\/p>\n\n\n\n<p>La informiamo che la<strong> Fondazione Palazzo Strozzi<\/strong>, in qualit\u00e0 di <strong>Titolare del trattamento<\/strong> \u2013 con sede in P.zza Strozzi \u2013 50123 Firenze (FI)\u2013 tratter\u00e0, per le finalit\u00e0 e le modalit\u00e0 di seguito riportate, i dati personali da Lei forniti.<\/p>\n\n\n\n<p><strong><u>Finalit\u00e0 del trattamento<\/u><\/strong><\/p>\n\n\n\n<p>Il Titolare del trattamento tratter\u00e0 i Suoi dati personali per le seguenti finalit\u00e0:<\/p>\n\n\n\n<ol type=\"1\"><li><em><strong>Finalit\u00e0 contrattuali<\/strong><\/em>: visualizzare le pagine web e usufruire dei servizi, offerti all\u2019interno del sito &nbsp;<a href=\"http:\/\/www.perenneattualita.palazzostrozzi.org\">perenneattualita.palazzostrozzi.org<\/a><\/li><li><em><strong>Obblighi di legge<\/strong><\/em>: adempiere ad obblighi previsti da regolamenti e dalla normativa nazionale e sovranazionale applicabile.<\/li><\/ol>\n\n\n\n<p><strong><u>Base giuridica del trattamento<\/u><\/strong><\/p>\n\n\n\n<p>La base giuridica del trattamento per le finalit\u00e0 di cui al punto 1 del paragrafo \u201cFinalit\u00e0 del trattamento\u201d \u00e8 l\u2019esecuzione di un contratto di cui l\u2019interessato \u00e8 parte (art. 6, paragrafo 1, lett. b) del GDPR).<\/p>\n\n\n\n<p>La base giuridica del trattamento per le finalit\u00e0 di cui al punto 2, 3, 4 \u00e8 il consenso dell\u2019Interessato al trattamento dei propri dati personali (art. 6, paragrafo 1, lett. a) del GDPR).<\/p>\n\n\n\n<p>La base giuridica del trattamento per la finalit\u00e0 di cui al punto 5 \u00e8 la necessit\u00e0 di assolvere agli obblighi legali a cui \u00e8 soggetto il titolare del trattamento (art. 6, paragrafo 1, lett. c) del GDPR).<\/p>\n\n\n\n<p><strong><u>Tipologia di dati trattati<\/u><\/strong><\/p>\n\n\n\n<p>I dati personali trattati nell\u2019ambito delle finalit\u00e0 sopra descritte sono i seguenti: dati anagrafici, dati di contatto, altri dati raccolti dai cookie installati.<\/p>\n\n\n\n<p><strong><u>Modalit\u00e0 di trattamento dei dati<\/u><\/strong><\/p>\n\n\n\n<p>Il trattamento viene effettuato mediante strumenti informatici e\/o telematici, con modalit\u00e0 organizzative e con logiche strettamente correlate alle finalit\u00e0 indicate, in modo da garantire la sicurezza e la riservatezza dei dati e, comunque, per la durata necessaria all\u2019espletamento delle finalit\u00e0 predette.<\/p>\n\n\n\n<p><strong><u>Obbligo del conferimento dei dati<\/u><\/strong><\/p>\n\n\n\n<p>Il conferimento dei dati personali per le finalit\u00e0 di cui al punto 1 \u00e8 obbligatorio. Il rifiuto di fornire i suddetti dati personali non consente, pertanto, la possibilit\u00e0 di usufruire dei servizi\/contenuti offerti dal Sito.<\/p>\n\n\n\n<p>Il conferimento dei dati personali per le finalit\u00e0 di cui ai punti 2, 3, 4 \u00e8 libero, facoltativo e revocabile in qualsiasi momento.<\/p>\n\n\n\n<p><strong><u>Periodo di conservazione<\/u><\/strong><\/p>\n\n\n\n<p>I dati raccolti verranno conservati per un arco di tempo non superiore al conseguimento delle finalit\u00e0 per le quali sono trattati (art. 5 del GDPR \u2013 \u201cprincipio di limitazione della conservazione\u201d). Decorsi i termini di conservazione sopra indicati, i Suoi dati personali saranno distrutti, cancellati o resi anonimi, compatibilmente con le procedure tecniche di cancellazione e backup.<\/p>\n\n\n\n<p><strong><u>Comunicazione e diffusione dei dati&nbsp;<\/u><\/strong><\/p>\n\n\n\n<p>I dati personali da Lei forniti verranno trattati dal personale della Fondazione, in qualit\u00e0 di \u201cautorizzato al trattamento\u201d.<\/p>\n\n\n\n<p>Nei limiti pertinenti alle finalit\u00e0 di trattamento indicate, i dati potranno essere comunicati a eventuali soggetti terzi coinvolti, nominati Responsabili del trattamento, in quanto doverosi partecipi all\u2019espletamento delle attivit\u00e0.<\/p>\n\n\n\n<p>I Responsabili del trattamento sono puntualmente individuati e debitamente nominati. L\u2019elenco completo e aggiornato di tutti i Responsabili del trattamento \u00e8 disponibile su richiesta dell\u2019interessato, scrivendo a <a href=\"mailto:privacy@palazzostrozzi.org\"><em><strong>privacy@palazzostrozzi.org<\/strong><\/em><\/a><em><strong>.<\/strong><\/em><\/p>\n\n\n\n<p>I dati personali non saranno diffusi, ma potranno eventualmente essere trasmessi alle Pubbliche Autorit\u00e0 che ne facciano espressa richiesta per finalit\u00e0 amministrative o istituzionali, secondo quanto disposto dalla normativa vigente, nazionale ed europea.<\/p>\n\n\n\n<p><strong><u>Diritti dell\u2019interessato<\/u><\/strong><\/p>\n\n\n\n<p>In ogni momento potr\u00e0 esercitare il diritto di accesso nei confronti del Titolare del trattamento, ai sensi dell\u2019articolo 15 del Regolamento (UE) 2016\/679, ossia potr\u00e0 ottenere la conferma dell\u2019esistenza dei suoi dati personali e chiederne la loro comunicazione in forma intelligibile. Altres\u00ec, avr\u00e0 diritto, ai sensi degli articoli 16 e ss. del suddetto Regolamento, di ottenere la rettifica, la cancellazione dei dati o la limitazione del trattamento. Infine avr\u00e0 diritto di opporsi, in tutto o in parte, per motivi legittimi, al trattamento dei suoi dati personali, ancorch\u00e9 pertinenti allo scopo della raccolta.<\/p>\n\n\n\n<p>Tali diritti potranno essere esercitati attraverso specifica istanza da indirizzare tramite raccomandata al Titolare del trattamento o mail all\u2019indirizzo: <a href=\"mailto:privacy@palazzostrozzi.org\"><em><strong>privacy@palazzostrozzi.org<\/strong><\/em><\/a><em><strong>.<\/strong><\/em><\/p>\n\n\n\n<p>Potr\u00e0, inoltre, proporre reclamo all\u2019autorit\u00e0 di controllo competente ex art. 77 del GDPR (Garante per la Protezione dei Dati Personali), qualora ritenga che il trattamento dei suoi dati sia contrario alla normativa in vigore.<\/p>\n","protected":false},"excerpt":{"rendered":"<p>Privacy Policy Gentile Interessato, La informiamo che la Fondazione Palazzo Strozzi, in qualit\u00e0 di Titolare del trattamento \u2013 con sede in P.zza Strozzi \u2013 50123 Firenze (FI)\u2013 tratter\u00e0, per le&#8230;<\/p>\n","protected":false},"author":1,"featured_media":0,"parent":0,"menu_order":0,"comment_status":"closed","ping_status":"open","template":"","meta":[],"yoast_head":"<!-- This site is optimized with the Yoast SEO plugin v16.6.1 - https:\/\/yoast.com\/wordpress\/plugins\/seo\/ -->\n<title>Privacy Policy - Perenne Attualit\u00e0<\/title>\n<meta name=\"robots\" content=\"index, follow, max-snippet:-1, max-image-preview:large, max-video-preview:-1\" \/>\n<link rel=\"canonical\" href=\"https:\/\/www.perenneattualita.palazzostrozzi.org\/en\/privacy-policy\/\" \/>\n<meta property=\"og:locale\" content=\"en_US\" \/>\n<meta property=\"og:type\" content=\"article\" \/>\n<meta property=\"og:title\" content=\"Privacy Policy - Perenne Attualit\u00e0\" \/>\n<meta property=\"og:description\" content=\"Privacy Policy Gentile Interessato, La informiamo che la Fondazione Palazzo Strozzi, in qualit\u00e0 di Titolare del trattamento \u2013 con sede in P.zza Strozzi \u2013 50123 Firenze (FI)\u2013 tratter\u00e0, per le...\" \/>\n<meta property=\"og:url\" content=\"https:\/\/www.perenneattualita.palazzostrozzi.org\/en\/privacy-policy\/\" \/>\n<meta property=\"og:site_name\" content=\"Perenne Attualit\u00e0\" \/>\n<meta property=\"article:modified_time\" content=\"2021-06-29T08:47:26+00:00\" \/>\n<meta name=\"twitter:card\" content=\"summary_large_image\" \/>\n<meta name=\"twitter:label1\" content=\"Est. reading time\" \/>\n\t<meta name=\"twitter:data1\" content=\"3 minutes\" \/>\n<script type=\"application\/ld+json\" class=\"yoast-schema-graph\">{\"@context\":\"https:\/\/schema.org\",\"@graph\":[{\"@type\":\"WebSite\",\"@id\":\"https:\/\/www.perenneattualita.palazzostrozzi.org\/#website\",\"url\":\"https:\/\/www.perenneattualita.palazzostrozzi.org\/\",\"name\":\"Perenne Attualit\\u00e0\",\"description\":\"Our perceptions of today&#039;s Time and Space\",\"potentialAction\":[{\"@type\":\"SearchAction\",\"target\":{\"@type\":\"EntryPoint\",\"urlTemplate\":\"https:\/\/www.perenneattualita.palazzostrozzi.org\/?s={search_term_string}\"},\"query-input\":\"required name=search_term_string\"}],\"inLanguage\":\"en-US\"},{\"@type\":\"WebPage\",\"@id\":\"https:\/\/www.perenneattualita.palazzostrozzi.org\/en\/privacy-policy\/#webpage\",\"url\":\"https:\/\/www.perenneattualita.palazzostrozzi.org\/en\/privacy-policy\/\",\"name\":\"Privacy Policy - Perenne Attualit\\u00e0\",\"isPartOf\":{\"@id\":\"https:\/\/www.perenneattualita.palazzostrozzi.org\/#website\"},\"datePublished\":\"2021-05-14T16:18:14+00:00\",\"dateModified\":\"2021-06-29T08:47:26+00:00\",\"breadcrumb\":{\"@id\":\"https:\/\/www.perenneattualita.palazzostrozzi.org\/en\/privacy-policy\/#breadcrumb\"},\"inLanguage\":\"en-US\",\"potentialAction\":[{\"@type\":\"ReadAction\",\"target\":[\"https:\/\/www.perenneattualita.palazzostrozzi.org\/en\/privacy-policy\/\"]}]},{\"@type\":\"BreadcrumbList\",\"@id\":\"https:\/\/www.perenneattualita.palazzostrozzi.org\/en\/privacy-policy\/#breadcrumb\",\"itemListElement\":[{\"@type\":\"ListItem\",\"position\":1,\"name\":\"Home\",\"item\":\"https:\/\/www.perenneattualita.palazzostrozzi.org\/en\/\"},{\"@type\":\"ListItem\",\"position\":2,\"name\":\"Privacy Policy\"}]}]}<\/script>\n<!-- \/ Yoast SEO plugin. -->","_links":{"self":[{"href":"https:\/\/www.perenneattualita.palazzostrozzi.org\/en\/wp-json\/wp\/v2\/pages\/3"}],"collection":[{"href":"https:\/\/www.perenneattualita.palazzostrozzi.org\/en\/wp-json\/wp\/v2\/pages"}],"about":[{"href":"https:\/\/www.perenneattualita.palazzostrozzi.org\/en\/wp-json\/wp\/v2\/types\/page"}],"author":[{"embeddable":true,"href":"https:\/\/www.perenneattualita.palazzostrozzi.org\/en\/wp-json\/wp\/v2\/users\/1"}],"replies":[{"embeddable":true,"href":"https:\/\/www.perenneattualita.palazzostrozzi.org\/en\/wp-json\/wp\/v2\/comments?post=3"}],"version-history":[{"count":4,"href":"https:\/\/www.perenneattualita.palazzostrozzi.org\/en\/wp-json\/wp\/v2\/pages\/3\/revisions"}],"predecessor-version":[{"id":9607,"href":"https:\/\/www.perenneattualita.palazzostrozzi.org\/en\/wp-json\/wp\/v2\/pages\/3\/revisions\/9607"}],"wp:attachment":[{"href":"https:\/\/www.perenneattualita.palazzostrozzi.org\/en\/wp-json\/wp\/v2\/media?parent=3"}],"curies":[{"name":"wp","href":"https:\/\/api.w.org\/{rel}","templated":true}]}}