{"id":9608,"date":"2021-06-29T10:48:25","date_gmt":"2021-06-29T08:48:25","guid":{"rendered":"https:\/\/www.perenneattualita.palazzostrozzi.org\/?page_id=9608"},"modified":"2021-06-29T10:48:40","modified_gmt":"2021-06-29T08:48:40","slug":"cookie-policy","status":"publish","type":"page","link":"https:\/\/www.perenneattualita.palazzostrozzi.org\/en\/cookie-policy\/","title":{"rendered":"Cookie policy"},"content":{"rendered":"\n<h2>Cookie Policy di perenneattualita.palazzostrozzi.org<\/h2>\n\n\n\n<div style=\"height:44px\" aria-hidden=\"true\" class=\"wp-block-spacer\"><\/div>\n\n\n\n<p>Gentile Interessato,<\/p>\n\n\n\n<p>La informiamo che la<strong> Fondazione Palazzo Strozzi<\/strong>, in qualit\u00e0 di <strong>Titolare del trattamento<\/strong> \u2013 con sede in P.zza Strozzi \u2013 50123 Firenze (FI)\u2013 tratter\u00e0, per le finalit\u00e0 e le modalit\u00e0 di seguito riportate, i dati personali da Lei forniti.<\/p>\n\n\n\n<p>Questo documento contiene informazioni in merito alle tecnologie che consentono a questa Applicazione di raggiungere gli scopi descritti di seguito. Tali tecnologie permettono al Titolare di raccogliere e salvare informazioni (per esempio tramite l\u2019utilizzo di Cookie) o di utilizzare risorse (per esempio eseguendo uno script) sul dispositivo dell\u2019Utente quando quest\u2019ultimo interagisce con questa Applicazione.<\/p>\n\n\n\n<p>Per semplicit\u00e0, in questo documento tali tecnologie sono sinteticamente definite \u201cStrumenti di Tracciamento\u201d, salvo vi sia ragione di differenziare.<br>Per esempio, sebbene i Cookie possano essere usati in browser sia web sia mobili, sarebbe fuori luogo parlare di Cookie nel contesto di applicazioni per dispositivi mobili, dal momento che si tratta di Strumenti di Tracciamento che richiedono la presenza di un browser. Per questo motivo, all\u2019interno di questo documento il temine Cookie \u00e8 utilizzato solo per indicare in modo specifico quel particolare tipo di Strumento di Tracciamento.<\/p>\n\n\n\n<p>Alcune delle finalit\u00e0 per le quali vengono impiegati Strumenti di Tracciamento potrebbero, inoltre richiedere il consenso dell\u2019Utente. Se viene prestato il consenso, esso pu\u00f2 essere revocato liberamente in qualsiasi momento seguendo le istruzioni contenute in questo documento.<\/p>\n\n\n\n<p>Questa Applicazione utilizza Strumenti di Tracciamento gestiti direttamente dal Titolare (comunemente detti Strumenti di Tracciamento \u201cdi prima parte\u201d) e Strumenti di Tracciamento che abilitano servizi forniti da terzi (comunemente detti Strumenti di Tracciamento \u201cdi terza parte\u201d). Se non diversamente specificato all\u2019interno di questo documento, tali terzi hanno accesso ai rispettivi Strumenti di Tracciamento.<br>Durata e scadenza dei Cookie e degli altri Strumenti di Tracciamento simili possono variare a seconda di quanto impostato dal Titolare o da ciascun fornitore terzo. Alcuni di essi scadono al termine della sessione di navigazione dell\u2019Utente.<br>In aggiunta a quanto specificato nella descrizione di ciascuna delle categorie di seguito riportate, gli Utenti possono ottenere informazioni pi\u00f9 dettagliate ed aggiornate sulla durata, cos\u00ec come qualsiasi altra informazione rilevante &#8211; quale la presenza di altri Strumenti di Tracciamento &#8211; nelle privacy policy dei rispettivi fornitori terzi (tramite i link messi a disposizione) o contattando il Titolare.<\/p>\n\n\n\n<p><strong>Attivit\u00e0 strettamente necessarie a garantire il funzionamento di questa Applicazione e la fornitura del Servizio<\/strong><\/p>\n\n\n\n<p>Questa Applicazione utilizza Cookie comunemente detti \u201ctecnici\u201d o altri Strumenti di Tracciamento analoghi per svolgere attivit\u00e0 strettamente necessarie a garantire il funzionamento o la fornitura del Servizio.<\/p>\n\n\n\n<p><strong>Miglioramento dell\u2019esperienza<\/strong><\/p>\n\n\n\n<p>Questa Applicazione utilizza Strumenti di Tracciamento per fornire una user experience personalizzata, consentendo una migliore gestione delle impostazioni personali e l&#8217;interazione con network e piattaforme esterne.<\/p>\n","protected":false},"excerpt":{"rendered":"<p>Cookie Policy di perenneattualita.palazzostrozzi.org Gentile Interessato, La informiamo che la Fondazione Palazzo Strozzi, in qualit\u00e0 di Titolare del trattamento \u2013 con sede in P.zza Strozzi \u2013 50123 Firenze (FI)\u2013 tratter\u00e0,&#8230;<\/p>\n","protected":false},"author":1,"featured_media":0,"parent":0,"menu_order":0,"comment_status":"closed","ping_status":"open","template":"","meta":[],"yoast_head":"<!-- This site is optimized with the Yoast SEO plugin v16.6.1 - https:\/\/yoast.com\/wordpress\/plugins\/seo\/ -->\n<title>Cookie policy - Perenne Attualit\u00e0<\/title>\n<meta name=\"robots\" content=\"index, follow, max-snippet:-1, max-image-preview:large, max-video-preview:-1\" \/>\n<link rel=\"canonical\" href=\"https:\/\/www.perenneattualita.palazzostrozzi.org\/en\/cookie-policy\/\" \/>\n<meta property=\"og:locale\" content=\"en_US\" \/>\n<meta property=\"og:type\" content=\"article\" \/>\n<meta property=\"og:title\" content=\"Cookie policy - Perenne Attualit\u00e0\" \/>\n<meta property=\"og:description\" content=\"Cookie Policy di perenneattualita.palazzostrozzi.org Gentile Interessato, La informiamo che la Fondazione Palazzo Strozzi, in qualit\u00e0 di Titolare del trattamento \u2013 con sede in P.zza Strozzi \u2013 50123 Firenze (FI)\u2013 tratter\u00e0,...\" \/>\n<meta property=\"og:url\" content=\"https:\/\/www.perenneattualita.palazzostrozzi.org\/en\/cookie-policy\/\" \/>\n<meta property=\"og:site_name\" content=\"Perenne Attualit\u00e0\" \/>\n<meta property=\"article:modified_time\" content=\"2021-06-29T08:48:40+00:00\" \/>\n<meta name=\"twitter:card\" content=\"summary_large_image\" \/>\n<meta name=\"twitter:label1\" content=\"Est. reading time\" \/>\n\t<meta name=\"twitter:data1\" content=\"2 minutes\" \/>\n<script type=\"application\/ld+json\" class=\"yoast-schema-graph\">{\"@context\":\"https:\/\/schema.org\",\"@graph\":[{\"@type\":\"WebSite\",\"@id\":\"https:\/\/www.perenneattualita.palazzostrozzi.org\/#website\",\"url\":\"https:\/\/www.perenneattualita.palazzostrozzi.org\/\",\"name\":\"Perenne Attualit\\u00e0\",\"description\":\"Our perceptions of today&#039;s Time and Space\",\"potentialAction\":[{\"@type\":\"SearchAction\",\"target\":{\"@type\":\"EntryPoint\",\"urlTemplate\":\"https:\/\/www.perenneattualita.palazzostrozzi.org\/?s={search_term_string}\"},\"query-input\":\"required name=search_term_string\"}],\"inLanguage\":\"en-US\"},{\"@type\":\"WebPage\",\"@id\":\"https:\/\/www.perenneattualita.palazzostrozzi.org\/en\/cookie-policy\/#webpage\",\"url\":\"https:\/\/www.perenneattualita.palazzostrozzi.org\/en\/cookie-policy\/\",\"name\":\"Cookie policy - Perenne Attualit\\u00e0\",\"isPartOf\":{\"@id\":\"https:\/\/www.perenneattualita.palazzostrozzi.org\/#website\"},\"datePublished\":\"2021-06-29T08:48:25+00:00\",\"dateModified\":\"2021-06-29T08:48:40+00:00\",\"breadcrumb\":{\"@id\":\"https:\/\/www.perenneattualita.palazzostrozzi.org\/en\/cookie-policy\/#breadcrumb\"},\"inLanguage\":\"en-US\",\"potentialAction\":[{\"@type\":\"ReadAction\",\"target\":[\"https:\/\/www.perenneattualita.palazzostrozzi.org\/en\/cookie-policy\/\"]}]},{\"@type\":\"BreadcrumbList\",\"@id\":\"https:\/\/www.perenneattualita.palazzostrozzi.org\/en\/cookie-policy\/#breadcrumb\",\"itemListElement\":[{\"@type\":\"ListItem\",\"position\":1,\"name\":\"Home\",\"item\":\"https:\/\/www.perenneattualita.palazzostrozzi.org\/en\/\"},{\"@type\":\"ListItem\",\"position\":2,\"name\":\"Cookie policy\"}]}]}<\/script>\n<!-- \/ Yoast SEO plugin. -->","_links":{"self":[{"href":"https:\/\/www.perenneattualita.palazzostrozzi.org\/en\/wp-json\/wp\/v2\/pages\/9608"}],"collection":[{"href":"https:\/\/www.perenneattualita.palazzostrozzi.org\/en\/wp-json\/wp\/v2\/pages"}],"about":[{"href":"https:\/\/www.perenneattualita.palazzostrozzi.org\/en\/wp-json\/wp\/v2\/types\/page"}],"author":[{"embeddable":true,"href":"https:\/\/www.perenneattualita.palazzostrozzi.org\/en\/wp-json\/wp\/v2\/users\/1"}],"replies":[{"embeddable":true,"href":"https:\/\/www.perenneattualita.palazzostrozzi.org\/en\/wp-json\/wp\/v2\/comments?post=9608"}],"version-history":[{"count":2,"href":"https:\/\/www.perenneattualita.palazzostrozzi.org\/en\/wp-json\/wp\/v2\/pages\/9608\/revisions"}],"predecessor-version":[{"id":9610,"href":"https:\/\/www.perenneattualita.palazzostrozzi.org\/en\/wp-json\/wp\/v2\/pages\/9608\/revisions\/9610"}],"wp:attachment":[{"href":"https:\/\/www.perenneattualita.palazzostrozzi.org\/en\/wp-json\/wp\/v2\/media?parent=9608"}],"curies":[{"name":"wp","href":"https:\/\/api.w.org\/{rel}","templated":true}]}}